{"id":40,"date":"2016-04-30T13:19:55","date_gmt":"2016-04-30T13:19:55","guid":{"rendered":"http:\/\/atelier-91.com\/?page_id=40"},"modified":"2018-01-05T12:24:33","modified_gmt":"2018-01-05T12:24:33","slug":"publications","status":"publish","type":"page","link":"https:\/\/atelier-91.com\/index.php\/publications\/","title":{"rendered":"Publications"},"content":{"rendered":"<p style=\"text-align: justify;\"><strong>M\u00e9<img decoding=\"async\" loading=\"lazy\" class=\"alignleft size-full wp-image-130\" src=\"http:\/\/atelier-91.com\/wp-content\/uploads\/2016\/04\/A91_Publi.png\" alt=\"A91_Publi\" width=\"322\" height=\"760\" srcset=\"https:\/\/atelier-91.com\/wp-content\/uploads\/2016\/04\/A91_Publi.png 322w, https:\/\/atelier-91.com\/wp-content\/uploads\/2016\/04\/A91_Publi-127x300.png 127w\" sizes=\"(max-width: 322px) 100vw, 322px\" \/>moires<\/strong><\/p>\n<ul style=\"text-align: justify;\">\n<li>Fontaine, C\u00e9lia<em>. Analyse par voie \u00e9lectrochimique des alliages \u00e0 base d\u2019argent, application de l\u2019outil CLAMTEC \u00e0 ce type de mat\u00e9riau.<\/em> M\u00e9moire de Bachelor en conservation. Haute Ecole Arc de conservation-restauration, Neuch\u00e2tel, 2012 (non publi\u00e9).<\/li>\n<li>Fontaine, C\u00e9lia. <em>Traitement \u00e9lectrolytique localis\u00e9 des produits de corrosion du plomb et des alliages plomb-\u00e9tain.<\/em> M\u00e9moire de Master en conservation-restauration. Haute Ecole Arc de conservation-restauration, Neuch\u00e2tel, 2014 (non publi\u00e9).<\/li>\n<\/ul>\n<p style=\"text-align: justify;\"><strong>Articles<\/strong><\/p>\n<ul>\n<li style=\"text-align: justify;\">Fontaine, C\u00e9lia <em>et al<\/em>. \u00ab\u00a0Determination of parameters for local electrolytic treatment of corroded lead and lead-tin alloys\u00a0\u00bb. In: <em>Journal of Cultural Hertitage<\/em>, Elvesier (en cours de parution).<\/li>\n<li style=\"text-align: justify;\">Fontaine, C\u00e9lia. \u00ab\u00a0Nouvelle application du pinceau \u00e9lectrolytique Pleco\u00a0: Traitement localis\u00e9 des produits de corrosion du plomb d\u2019une bulle papale attach\u00e9e \u00e0 son parchemin\u00a0\u00bb. In\u00a0: <em>CeROArt, conservation, exposition, restauration d\u2019objets d\u2019art. Num\u00e9ro sp\u00e9cial <\/em><em>EGG-jeunes dipl\u00f4m\u00e9s <\/em>Revue \u00e9lectronique.<\/li>\n<li style=\"text-align: justify;\">Fontaine, C\u00e9lia <em>et al. <\/em>\u00ab\u00a0Traitement localis\u00e9s des produits de corrosion du plomb type carbonate. Mise en application du pinceau \u00e9lectrolytique, le Pleco et \u00e9tude comparative de techniques conventionnelles\u00a0\u00bb. In\u00a0: <em>Cahiers techniques de l\u2019ARAAFU<\/em> n\u00b022, Paris.<\/li>\n<li style=\"text-align: justify;\">Fontaine, C\u00e9lia. \u00ab\u00a0Remise en fonctionnement du moteur d\u2019une automobile Benz de 1898\u00a0: Une approche de conservation-restauration\u00a0\u00bb. In\u00a0: <em>Conf\u00e9rence E-Faith\u20137<sup>\u00e8me<\/sup> Rencontre europ\u00e9enne pour le patrimoine industriel et technique<\/em>, Neuch\u00e2tel, 2013.<\/li>\n<li style=\"text-align: justify;\">Fontaine, C\u00e9lia. \u00ab\u00a0Etude technique de deux chronographes \u00e0 bande de type Hipp de l\u2019Observatoire de Neuch\u00e2tel\u00a0\u00bb. In\u00a0: <em>Chronom\u00e9trophilia<\/em> n\u00b074, Gen\u00e8ve, 2013, p.123 \u00e0 131.<\/li>\n<\/ul>\n<p>Il est possible d&#8217;avoir acc\u00e8s \u00e0 ces publications en m&#8217;envoyant un mail. Je vous les transmettrai volontiers en version PDF.<\/p>\n","protected":false},"excerpt":{"rendered":"<p>M\u00e9moires Fontaine, C\u00e9lia. Analyse par voie \u00e9lectrochimique des alliages \u00e0 base d\u2019argent, application de l\u2019outil CLAMTEC \u00e0 ce type de mat\u00e9riau. M\u00e9moire de Bachelor en conservation. Haute Ecole Arc de conservation-restauration, Neuch\u00e2tel, 2012 (non publi\u00e9). Fontaine, C\u00e9lia. Traitement \u00e9lectrolytique localis\u00e9 des produits de corrosion du plomb et des alliages plomb-\u00e9tain. M\u00e9moire de Master en conservation-restauration. [&hellip;]<\/p>\n","protected":false},"author":1,"featured_media":0,"parent":0,"menu_order":4,"comment_status":"closed","ping_status":"closed","template":"","meta":[],"_links":{"self":[{"href":"https:\/\/atelier-91.com\/index.php\/wp-json\/wp\/v2\/pages\/40"}],"collection":[{"href":"https:\/\/atelier-91.com\/index.php\/wp-json\/wp\/v2\/pages"}],"about":[{"href":"https:\/\/atelier-91.com\/index.php\/wp-json\/wp\/v2\/types\/page"}],"author":[{"embeddable":true,"href":"https:\/\/atelier-91.com\/index.php\/wp-json\/wp\/v2\/users\/1"}],"replies":[{"embeddable":true,"href":"https:\/\/atelier-91.com\/index.php\/wp-json\/wp\/v2\/comments?post=40"}],"version-history":[{"count":5,"href":"https:\/\/atelier-91.com\/index.php\/wp-json\/wp\/v2\/pages\/40\/revisions"}],"predecessor-version":[{"id":199,"href":"https:\/\/atelier-91.com\/index.php\/wp-json\/wp\/v2\/pages\/40\/revisions\/199"}],"wp:attachment":[{"href":"https:\/\/atelier-91.com\/index.php\/wp-json\/wp\/v2\/media?parent=40"}],"curies":[{"name":"wp","href":"https:\/\/api.w.org\/{rel}","templated":true}]}}