{"id":38,"date":"2016-04-30T13:19:01","date_gmt":"2016-04-30T13:19:01","guid":{"rendered":"http:\/\/atelier-91.com\/?page_id=38"},"modified":"2016-05-07T15:27:54","modified_gmt":"2016-05-07T15:27:54","slug":"recherche","status":"publish","type":"page","link":"https:\/\/atelier-91.com\/index.php\/travaux-effectues\/recherche\/","title":{"rendered":"Recherche"},"content":{"rendered":"<p><img decoding=\"async\" loading=\"lazy\" class=\"alignleft size-full wp-image-161\" src=\"http:\/\/atelier-91.com\/wp-content\/uploads\/2016\/04\/A91_Travaux.jpg\" alt=\"A91_Travaux\" width=\"355\" height=\"839\" srcset=\"https:\/\/atelier-91.com\/wp-content\/uploads\/2016\/04\/A91_Travaux.jpg 355w, https:\/\/atelier-91.com\/wp-content\/uploads\/2016\/04\/A91_Travaux-127x300.jpg 127w\" sizes=\"(max-width: 355px) 100vw, 355px\" \/><\/p>\n<p>&nbsp;<\/p>\n<ul>\n<li>Etude des possibilit\u00e9s d\u2019utilisation du nouveau pinceau \u00e9lectrolytique, le Pleco pour la r\u00e9duction localis\u00e9e des produits de corrosion du plomb et des alliages plomb-\u00e9tain au Laboratoire Arc\u2019Antique de recherche et de conservation-restauration de Nantes (France) ;<\/li>\n<li style=\"text-align: justify;\">Etude des possibilit\u00e9s d\u2019utilisation du nouveau pinceau \u00e9lectrolytique, le Pleco pour la r\u00e9duction localis\u00e9e de la corrosion active des cuivreux, \u00e9tude comparative des traitements localis\u00e9s pour le plomb au Laboratoire Arc\u2019Antique de recherche et de conservation-restauration de Nantes (France) ;<\/li>\n<li style=\"text-align: justify;\">Analyse par voie \u00e9lectrochimique des alliages \u00e0 base d\u2019argent, application de l\u2019outil CLAMTEC \u00e0 ce type de mat\u00e9riau \u00e0 la Haute Ecole Arc de Conservation-restauration de Neuch\u00e2tel (Suisse)&#8230;&nbsp;\n<p>&nbsp;<\/p>\n<p>&nbsp;<\/p>\n<p><div id=\"attachment_169\" style=\"width: 460px\" class=\"wp-caption alignright\"><img aria-describedby=\"caption-attachment-169\" decoding=\"async\" loading=\"lazy\" class=\" wp-image-169\" src=\"http:\/\/atelier-91.com\/wp-content\/uploads\/2016\/04\/A91_Pleco-1.jpg\" alt=\"Traitement de r\u00e9duction d'un sceau en plomb \u00e0 l'aide du nouveau pinceau \u00e9lectrolytique, Pl\u00e9co\" width=\"450\" height=\"300\" srcset=\"https:\/\/atelier-91.com\/wp-content\/uploads\/2016\/04\/A91_Pleco-1.jpg 600w, https:\/\/atelier-91.com\/wp-content\/uploads\/2016\/04\/A91_Pleco-1-300x200.jpg 300w\" sizes=\"(max-width: 450px) 100vw, 450px\" \/><p id=\"caption-attachment-169\" class=\"wp-caption-text\">Traitement de r\u00e9duction d&#8217;un sceau en plomb \u00e0 l&#8217;aide du nouveau pinceau \u00e9lectrolytique, Pl\u00e9co<\/p><\/div><\/li>\n<\/ul>\n","protected":false},"excerpt":{"rendered":"<p>&nbsp; Etude des possibilit\u00e9s d\u2019utilisation du nouveau pinceau \u00e9lectrolytique, le Pleco pour la r\u00e9duction localis\u00e9e des produits de corrosion du plomb et des alliages plomb-\u00e9tain au Laboratoire Arc\u2019Antique de recherche et de conservation-restauration de Nantes (France) ; Etude des possibilit\u00e9s d\u2019utilisation du nouveau pinceau \u00e9lectrolytique, le Pleco pour la r\u00e9duction localis\u00e9e de la corrosion active [&hellip;]<\/p>\n","protected":false},"author":1,"featured_media":0,"parent":29,"menu_order":3,"comment_status":"closed","ping_status":"closed","template":"","meta":[],"_links":{"self":[{"href":"https:\/\/atelier-91.com\/index.php\/wp-json\/wp\/v2\/pages\/38"}],"collection":[{"href":"https:\/\/atelier-91.com\/index.php\/wp-json\/wp\/v2\/pages"}],"about":[{"href":"https:\/\/atelier-91.com\/index.php\/wp-json\/wp\/v2\/types\/page"}],"author":[{"embeddable":true,"href":"https:\/\/atelier-91.com\/index.php\/wp-json\/wp\/v2\/users\/1"}],"replies":[{"embeddable":true,"href":"https:\/\/atelier-91.com\/index.php\/wp-json\/wp\/v2\/comments?post=38"}],"version-history":[{"count":8,"href":"https:\/\/atelier-91.com\/index.php\/wp-json\/wp\/v2\/pages\/38\/revisions"}],"predecessor-version":[{"id":176,"href":"https:\/\/atelier-91.com\/index.php\/wp-json\/wp\/v2\/pages\/38\/revisions\/176"}],"up":[{"embeddable":true,"href":"https:\/\/atelier-91.com\/index.php\/wp-json\/wp\/v2\/pages\/29"}],"wp:attachment":[{"href":"https:\/\/atelier-91.com\/index.php\/wp-json\/wp\/v2\/media?parent=38"}],"curies":[{"name":"wp","href":"https:\/\/api.w.org\/{rel}","templated":true}]}}