{"id":33,"date":"2016-04-30T13:16:30","date_gmt":"2016-04-30T13:16:30","guid":{"rendered":"http:\/\/atelier-91.com\/?page_id=33"},"modified":"2019-05-14T07:30:12","modified_gmt":"2019-05-14T07:30:12","slug":"restauration","status":"publish","type":"page","link":"https:\/\/atelier-91.com\/index.php\/travaux-effectues\/restauration\/","title":{"rendered":"Restauration"},"content":{"rendered":"<p><img decoding=\"async\" loading=\"lazy\" class=\"alignleft size-full wp-image-161\" src=\"http:\/\/atelier-91.com\/wp-content\/uploads\/2016\/04\/A91_Travaux.jpg\" alt=\"A91_Travaux\" width=\"355\" height=\"839\" srcset=\"https:\/\/atelier-91.com\/wp-content\/uploads\/2016\/04\/A91_Travaux.jpg 355w, https:\/\/atelier-91.com\/wp-content\/uploads\/2016\/04\/A91_Travaux-127x300.jpg 127w\" sizes=\"(max-width: 355px) 100vw, 355px\" \/><\/p>\n<ul>\n<li>Restauration de moules m\u00e9talliques pour la fabrication de briques de verre pour le Mus\u00e9e de Nyon (Suisse) ;<\/li>\n<li>Restauration d&#8217;un reliquaire pour la Paroisse St-Maurice de Friboug (Suisse);<\/li>\n<li>Restauration d\u2019un fourreau en cuir d\u2019\u00e9p\u00e9e d\u2019entrainement ;<\/li>\n<li>Restauration de sculptures m\u00e9talliques et en bois polychromes ;<\/li>\n<li style=\"text-align: justify;\">Restauration de diverses armes et armures historiques et arch\u00e9ologiques (casques, armures, arbal\u00e8tes, sabre) pour l\u2019Atelier Ian Ashdown Museum Services (Suisse) ;<\/li>\n<li style=\"text-align: justify;\">Mise en place d\u2019un protocole de traitement de r\u00e9duction localis\u00e9e des produits de corrosion du plomb avec le nouveau pinceau \u00e9lectrolytique, le Pleco et traitement \u00e9lectrolytique de sceaux en plomb pour la Fondation du mat\u00e9riel historique de l\u2019arm\u00e9e suisse deThun (Suisse) ;<\/li>\n<li style=\"text-align: justify;\">Remise en fonctionnement du moteur d\u2019une automobile Benz datant de 1898 pour la fondation E&amp;CR, Cortaillod (Suisse) ;<\/li>\n<li style=\"text-align: justify;\">Restauration d\u2019une horloge de tour pour le Mus\u00e9e militaire de Morges (Suisse) ;<\/li>\n<li style=\"text-align: justify;\">D\u00e9chloruration de plaques boucles m\u00e9rovingiennes pour le Service arch\u00e9ologique de l\u2019Etat de Fribourg (Suisse) ;<\/li>\n<li style=\"text-align: justify;\">D\u00e9poussi\u00e9rage et traitement contre les moisissures de la collection du Mus\u00e9e de Valangin (Suisse) ;<\/li>\n<li style=\"text-align: justify;\">Restauration de macro-restes arch\u00e9obotaniques pour l\u2019Institut de biologie v\u00e9g\u00e9tale et d\u2019arch\u00e9obotanique de Zurich ;<\/li>\n<li style=\"text-align: justify;\">Examen diagnostique d\u2019une bo\u00eete \u00e0 musique afin de d\u00e9terminer l\u2019origine de la corrosion des masselottes en plomb pour le Mus\u00e9e des boites \u00e0 musique de Seewen (Suisse) ;\n<p><div id=\"attachment_165\" style=\"width: 448px\" class=\"wp-caption alignright\"><img aria-describedby=\"caption-attachment-165\" decoding=\"async\" loading=\"lazy\" class=\" wp-image-165\" src=\"http:\/\/atelier-91.com\/wp-content\/uploads\/2016\/04\/A91_R\u00e9ductionPb-1.jpg\" alt=\"Traitement de r\u00e9duction d'un sceau en plomb de la Fondation HAM\" width=\"438\" height=\"300\" srcset=\"https:\/\/atelier-91.com\/wp-content\/uploads\/2016\/04\/A91_R\u00e9ductionPb-1.jpg 705w, https:\/\/atelier-91.com\/wp-content\/uploads\/2016\/04\/A91_R\u00e9ductionPb-1-300x206.jpg 300w\" sizes=\"(max-width: 438px) 100vw, 438px\" \/><p id=\"caption-attachment-165\" class=\"wp-caption-text\">Traitement de r\u00e9duction d&#8217;un sceau en plomb de la Fondation HAM<\/p><\/div><\/li>\n<li style=\"text-align: justify;\">Restauration du plafond de la Petite Riedera (Le mouret), de la chapelle de la Neirigue, de l&#8217;abbatiale de Payerne, mise sur panneau de fragments de peinture murale de l\u2019Eglise des Cordeliers, sondages divers pour l\u2019Atelier Olivier Guyot, Romont (Suisse)&#8230;<\/li>\n<\/ul>\n","protected":false},"excerpt":{"rendered":"<p>Restauration de moules m\u00e9talliques pour la fabrication de briques de verre pour le Mus\u00e9e de Nyon (Suisse) ; Restauration d&#8217;un reliquaire pour la Paroisse St-Maurice de Friboug (Suisse); Restauration d\u2019un fourreau en cuir d\u2019\u00e9p\u00e9e d\u2019entrainement ; Restauration de sculptures m\u00e9talliques et en bois polychromes ; Restauration de diverses armes et armures historiques et arch\u00e9ologiques (casques, [&hellip;]<\/p>\n","protected":false},"author":1,"featured_media":0,"parent":29,"menu_order":1,"comment_status":"closed","ping_status":"closed","template":"","meta":[],"_links":{"self":[{"href":"https:\/\/atelier-91.com\/index.php\/wp-json\/wp\/v2\/pages\/33"}],"collection":[{"href":"https:\/\/atelier-91.com\/index.php\/wp-json\/wp\/v2\/pages"}],"about":[{"href":"https:\/\/atelier-91.com\/index.php\/wp-json\/wp\/v2\/types\/page"}],"author":[{"embeddable":true,"href":"https:\/\/atelier-91.com\/index.php\/wp-json\/wp\/v2\/users\/1"}],"replies":[{"embeddable":true,"href":"https:\/\/atelier-91.com\/index.php\/wp-json\/wp\/v2\/comments?post=33"}],"version-history":[{"count":11,"href":"https:\/\/atelier-91.com\/index.php\/wp-json\/wp\/v2\/pages\/33\/revisions"}],"predecessor-version":[{"id":205,"href":"https:\/\/atelier-91.com\/index.php\/wp-json\/wp\/v2\/pages\/33\/revisions\/205"}],"up":[{"embeddable":true,"href":"https:\/\/atelier-91.com\/index.php\/wp-json\/wp\/v2\/pages\/29"}],"wp:attachment":[{"href":"https:\/\/atelier-91.com\/index.php\/wp-json\/wp\/v2\/media?parent=33"}],"curies":[{"name":"wp","href":"https:\/\/api.w.org\/{rel}","templated":true}]}}