{"id":31,"date":"2016-04-30T13:12:58","date_gmt":"2016-04-30T13:12:58","guid":{"rendered":"http:\/\/atelier-91.com\/?page_id=31"},"modified":"2016-05-07T15:24:58","modified_gmt":"2016-05-07T15:24:58","slug":"conservation-preventive","status":"publish","type":"page","link":"https:\/\/atelier-91.com\/index.php\/travaux-effectues\/conservation-preventive\/","title":{"rendered":"Conservation pr\u00e9ventive"},"content":{"rendered":"<p><img decoding=\"async\" loading=\"lazy\" class=\"alignleft size-full wp-image-161\" src=\"http:\/\/atelier-91.com\/wp-content\/uploads\/2016\/04\/A91_Travaux.jpg\" alt=\"A91_Travaux\" width=\"355\" height=\"839\" srcset=\"https:\/\/atelier-91.com\/wp-content\/uploads\/2016\/04\/A91_Travaux.jpg 355w, https:\/\/atelier-91.com\/wp-content\/uploads\/2016\/04\/A91_Travaux-127x300.jpg 127w\" sizes=\"(max-width: 355px) 100vw, 355px\" \/><\/p>\n<ul>\n<li style=\"text-align: justify;\">Evaluation des risques li\u00e9s \u00e0 la temp\u00e9rature, l\u2019humidit\u00e9 relative, la lumi\u00e8re, les polluants, les agents biologiques, l\u2019am\u00e9nagement, le conditionnement et la s\u00fbret\u00e9 au sein de quatre r\u00e9serves et de la salle d\u2019exposition permanente pour le Mus\u00e9e arch\u00e9ologique de Nice Cemenelum (France) ;<\/li>\n<li style=\"text-align: justify;\">Etude pour un projet de reconditionnement d\u2019une r\u00e9serve pour le Mus\u00e9e arch\u00e9ologique de Lattes (France) ;<\/li>\n<li style=\"text-align: justify;\">Etude de l\u2019\u00e9tat de conservation et reconditionnement de la collection de plaques boucles m\u00e9rovingiennes pour le Service arch\u00e9ologique de l\u2019Etat de Fribourg (Suisse) ;<\/li>\n<li style=\"text-align: justify;\">Constat d\u2019\u00e9tat de la collection du mus\u00e9e suite \u00e0 une inondation pour le Mus\u00e9e de Saint-Imier (Suisse) ;<\/li>\n<li style=\"text-align: justify;\">R\u00e9alisation de divers conditionnements&#8230;\n<p><div id=\"attachment_135\" style=\"width: 311px\" class=\"wp-caption alignright\"><img aria-describedby=\"caption-attachment-135\" decoding=\"async\" loading=\"lazy\" class=\"wp-image-135 \" src=\"http:\/\/atelier-91.com\/wp-content\/uploads\/2016\/04\/A91_Conditionnement-227x300.jpg\" alt=\"Conditionnement pour une c\u00e9ramique \" width=\"301\" height=\"398\" srcset=\"https:\/\/atelier-91.com\/wp-content\/uploads\/2016\/04\/A91_Conditionnement-227x300.jpg 227w, https:\/\/atelier-91.com\/wp-content\/uploads\/2016\/04\/A91_Conditionnement.jpg 447w\" sizes=\"(max-width: 301px) 100vw, 301px\" \/><p id=\"caption-attachment-135\" class=\"wp-caption-text\">Conditionnement pour une c\u00e9ramique du Mus\u00e9e d&#8217;Art et Histoire de Neuch\u00e2tel<\/p><\/div><\/li>\n<\/ul>\n","protected":false},"excerpt":{"rendered":"<p>Evaluation des risques li\u00e9s \u00e0 la temp\u00e9rature, l\u2019humidit\u00e9 relative, la lumi\u00e8re, les polluants, les agents biologiques, l\u2019am\u00e9nagement, le conditionnement et la s\u00fbret\u00e9 au sein de quatre r\u00e9serves et de la salle d\u2019exposition permanente pour le Mus\u00e9e arch\u00e9ologique de Nice Cemenelum (France) ; Etude pour un projet de reconditionnement d\u2019une r\u00e9serve pour le Mus\u00e9e arch\u00e9ologique de [&hellip;]<\/p>\n","protected":false},"author":1,"featured_media":0,"parent":29,"menu_order":0,"comment_status":"closed","ping_status":"closed","template":"","meta":[],"_links":{"self":[{"href":"https:\/\/atelier-91.com\/index.php\/wp-json\/wp\/v2\/pages\/31"}],"collection":[{"href":"https:\/\/atelier-91.com\/index.php\/wp-json\/wp\/v2\/pages"}],"about":[{"href":"https:\/\/atelier-91.com\/index.php\/wp-json\/wp\/v2\/types\/page"}],"author":[{"embeddable":true,"href":"https:\/\/atelier-91.com\/index.php\/wp-json\/wp\/v2\/users\/1"}],"replies":[{"embeddable":true,"href":"https:\/\/atelier-91.com\/index.php\/wp-json\/wp\/v2\/comments?post=31"}],"version-history":[{"count":10,"href":"https:\/\/atelier-91.com\/index.php\/wp-json\/wp\/v2\/pages\/31\/revisions"}],"predecessor-version":[{"id":181,"href":"https:\/\/atelier-91.com\/index.php\/wp-json\/wp\/v2\/pages\/31\/revisions\/181"}],"up":[{"embeddable":true,"href":"https:\/\/atelier-91.com\/index.php\/wp-json\/wp\/v2\/pages\/29"}],"wp:attachment":[{"href":"https:\/\/atelier-91.com\/index.php\/wp-json\/wp\/v2\/media?parent=31"}],"curies":[{"name":"wp","href":"https:\/\/api.w.org\/{rel}","templated":true}]}}