{"id":29,"date":"2016-04-30T13:11:47","date_gmt":"2016-04-30T13:11:47","guid":{"rendered":"http:\/\/atelier-91.com\/?page_id=29"},"modified":"2019-05-14T07:51:27","modified_gmt":"2019-05-14T07:51:27","slug":"travaux-effectues","status":"publish","type":"page","link":"https:\/\/atelier-91.com\/index.php\/travaux-effectues\/","title":{"rendered":"Travaux effectu\u00e9s"},"content":{"rendered":"<p><img decoding=\"async\" loading=\"lazy\" class=\"alignleft size-full wp-image-161\" src=\"http:\/\/atelier-91.com\/wp-content\/uploads\/2016\/04\/A91_Travaux.jpg\" alt=\"A91_Travaux\" width=\"355\" height=\"839\" srcset=\"https:\/\/atelier-91.com\/wp-content\/uploads\/2016\/04\/A91_Travaux.jpg 355w, https:\/\/atelier-91.com\/wp-content\/uploads\/2016\/04\/A91_Travaux-127x300.jpg 127w\" sizes=\"(max-width: 355px) 100vw, 355px\" \/><\/p>\n<p>Au cours de son parcours, C\u00e9lia Fontaine-Chopard a pu effectuer diff\u00e9rents travaux en :<\/p>\n<ul>\n<li>Conservation pr\u00e9ventive\u00a0;<\/li>\n<li>Restauration\u00a0;<\/li>\n<li>Soclage\u00a0;<\/li>\n<li>Recherche en conservation-restauration.<\/li>\n<\/ul>\n","protected":false},"excerpt":{"rendered":"<p>Au cours de son parcours, C\u00e9lia Fontaine-Chopard a pu effectuer diff\u00e9rents travaux en : Conservation pr\u00e9ventive\u00a0; Restauration\u00a0; Soclage\u00a0; Recherche en conservation-restauration.<\/p>\n","protected":false},"author":1,"featured_media":0,"parent":0,"menu_order":3,"comment_status":"closed","ping_status":"closed","template":"","meta":[],"_links":{"self":[{"href":"https:\/\/atelier-91.com\/index.php\/wp-json\/wp\/v2\/pages\/29"}],"collection":[{"href":"https:\/\/atelier-91.com\/index.php\/wp-json\/wp\/v2\/pages"}],"about":[{"href":"https:\/\/atelier-91.com\/index.php\/wp-json\/wp\/v2\/types\/page"}],"author":[{"embeddable":true,"href":"https:\/\/atelier-91.com\/index.php\/wp-json\/wp\/v2\/users\/1"}],"replies":[{"embeddable":true,"href":"https:\/\/atelier-91.com\/index.php\/wp-json\/wp\/v2\/comments?post=29"}],"version-history":[{"count":3,"href":"https:\/\/atelier-91.com\/index.php\/wp-json\/wp\/v2\/pages\/29\/revisions"}],"predecessor-version":[{"id":207,"href":"https:\/\/atelier-91.com\/index.php\/wp-json\/wp\/v2\/pages\/29\/revisions\/207"}],"wp:attachment":[{"href":"https:\/\/atelier-91.com\/index.php\/wp-json\/wp\/v2\/media?parent=29"}],"curies":[{"name":"wp","href":"https:\/\/api.w.org\/{rel}","templated":true}]}}