{"id":25,"date":"2016-04-30T12:00:37","date_gmt":"2016-04-30T12:00:37","guid":{"rendered":"http:\/\/atelier-91.com\/?page_id=25"},"modified":"2016-05-07T14:13:24","modified_gmt":"2016-05-07T14:13:24","slug":"services","status":"publish","type":"page","link":"https:\/\/atelier-91.com\/index.php\/presentation-de-latelier\/services\/","title":{"rendered":"Services"},"content":{"rendered":"<p><img decoding=\"async\" loading=\"lazy\" class=\"alignleft size-full wp-image-152\" src=\"http:\/\/atelier-91.com\/wp-content\/uploads\/2016\/04\/A91_Service.jpg\" alt=\"A91_Service\" width=\"312\" height=\"757\" srcset=\"https:\/\/atelier-91.com\/wp-content\/uploads\/2016\/04\/A91_Service.jpg 312w, https:\/\/atelier-91.com\/wp-content\/uploads\/2016\/04\/A91_Service-124x300.jpg 124w\" sizes=\"(max-width: 312px) 100vw, 312px\" \/><\/p>\n<p>Nous proposons les services suivants\u00a0:<\/p>\n<ul style=\"text-align: justify;\">\n<li>Etablissement d\u2019examen diagnostique\u00a0;<\/li>\n<li>Restauration pour \u00e9tude ou exposition\u00a0;<\/li>\n<li>Conseils en conservation pr\u00e9ventive\u00a0;<\/li>\n<li>R\u00e9alisation de support pour objets de petites et moyennes dimensions\u00a0;<\/li>\n<li>Mise en valeur d&#8217;objets dans le cadre d&#8217;expositions permanentes et temporaires ;<\/li>\n<li>Conditionnement pour mise en r\u00e9serve ou transport.<\/li>\n<\/ul>\n<p style=\"text-align: justify;\">Afin de r\u00e9aliser ces diff\u00e9rents services, l\u2019atelier 91 dispose d\u2019un large \u00e9ventail d\u2019outils, allant des plus traditionnels (microtrour, microsableuse, tour m\u00e9caniques, fraiseuse, outils \u00e0 mains, etc.) \u00e0 ceux con\u00e7us sp\u00e9cifiquement pour la restauration ou la r\u00e9alisation de certaines pi\u00e8ces. Particularit\u00e9 de notre atelier, nous avons la possibilit\u00e9 de r\u00e9aliser des traitements de r\u00e9duction par voie \u00e9lectrochimique, de mani\u00e8re localis\u00e9e pour les objets composites indissociables ou en immersion, et en particulier pour les biens en plomb ou en argent.<\/p>\n<p style=\"text-align: justify;\">Nous proposons \u00e9galement de nous charger de la r\u00e9alisation de l\u2019analyse de vos pi\u00e8ces et ceci gr\u00e2ce \u00e0 un r\u00e9seau de scientifiques sp\u00e9cialis\u00e9s dans leur domaine cr\u00e9\u00e9 lors de nos exp\u00e9riences.<\/p>\n<p style=\"text-align: justify;\">Chaque intervention sera suivie par une documentation compl\u00e8te, \u00e9crite et photographique, fournie lors du rendu de l\u2019\u0153uvre.<\/p>\n<p style=\"text-align: justify;\">Les traitements seront men\u00e9s au sein de notre atelier situ\u00e9 dans le canton de Vaud en Suisse, mais nous pouvons \u00e9galement nous d\u00e9placer sur place dans certains cas. Les objets venant de l\u2019\u00e9tranger peuvent \u00eatre import\u00e9s en Suisse via un permis d\u2019importation temporaire.<\/p>\n","protected":false},"excerpt":{"rendered":"<p>Nous proposons les services suivants\u00a0: Etablissement d\u2019examen diagnostique\u00a0; Restauration pour \u00e9tude ou exposition\u00a0; Conseils en conservation pr\u00e9ventive\u00a0; R\u00e9alisation de support pour objets de petites et moyennes dimensions\u00a0; Mise en valeur d&#8217;objets dans le cadre d&#8217;expositions permanentes et temporaires ; Conditionnement pour mise en r\u00e9serve ou transport. Afin de r\u00e9aliser ces diff\u00e9rents services, l\u2019atelier 91 dispose [&hellip;]<\/p>\n","protected":false},"author":1,"featured_media":0,"parent":23,"menu_order":2,"comment_status":"closed","ping_status":"closed","template":"","meta":[],"_links":{"self":[{"href":"https:\/\/atelier-91.com\/index.php\/wp-json\/wp\/v2\/pages\/25"}],"collection":[{"href":"https:\/\/atelier-91.com\/index.php\/wp-json\/wp\/v2\/pages"}],"about":[{"href":"https:\/\/atelier-91.com\/index.php\/wp-json\/wp\/v2\/types\/page"}],"author":[{"embeddable":true,"href":"https:\/\/atelier-91.com\/index.php\/wp-json\/wp\/v2\/users\/1"}],"replies":[{"embeddable":true,"href":"https:\/\/atelier-91.com\/index.php\/wp-json\/wp\/v2\/comments?post=25"}],"version-history":[{"count":4,"href":"https:\/\/atelier-91.com\/index.php\/wp-json\/wp\/v2\/pages\/25\/revisions"}],"predecessor-version":[{"id":153,"href":"https:\/\/atelier-91.com\/index.php\/wp-json\/wp\/v2\/pages\/25\/revisions\/153"}],"up":[{"embeddable":true,"href":"https:\/\/atelier-91.com\/index.php\/wp-json\/wp\/v2\/pages\/23"}],"wp:attachment":[{"href":"https:\/\/atelier-91.com\/index.php\/wp-json\/wp\/v2\/media?parent=25"}],"curies":[{"name":"wp","href":"https:\/\/api.w.org\/{rel}","templated":true}]}}